{"id":20144,"date":"2023-02-24T13:33:30","date_gmt":"2023-02-24T13:33:30","guid":{"rendered":"https:\/\/www.onnecgroup.com\/?page_id=20144"},"modified":"2023-05-25T09:00:26","modified_gmt":"2023-05-25T08:00:26","slug":"impressum","status":"publish","type":"page","link":"https:\/\/www.onnecgroup.com\/de-DE\/impressum\/","title":{"rendered":"Impressum"},"content":{"rendered":"\n<div style=\"height:100px\" aria-hidden=\"true\" class=\"wp-block-spacer\"><\/div>\n\n\n\n<h1 class=\"wp-block-heading\">Impressum<\/h1>\n\n\n\n<h3 class=\"wp-block-heading\">Angaben zum Diensteanbieter gem\u00e4\u00df \u00a7 5 TMG<\/h3>\n\n\n\n<p>Onnec Group Ltd<br>2nd Floor, Farringdon Point<br>33 Farringdon Rd, London EC1M 3JF<\/p>\n\n\n\n<p>E-Mail: <a href=\"mailto:compliance@onnecgroup.com\">compliance@onnecgrou<\/a><a href=\"mailto:compliance@onnecgroup.com\" target=\"_blank\" rel=\"noreferrer noopener\">p.com<\/a><br>Tel.: +44 (0)203 929 9915<\/p>\n\n\n\n<p>Eingetragen im Companies House, Handelsregister des Vereinigten K\u00f6nigreichs, <\/p>\n\n\n\n<p><strong>Registernummer<\/strong>: 06468498<\/p>\n\n\n\n<p><strong>Gesch\u00e4ftsf\u00fchrung:<\/strong> Barry Horgan, Jakob Moeller-Jensen<\/p>\n\n\n\n<h3 class=\"wp-block-heading\">verantwortlich f\u00fcr den Inhalt der Website gem\u00e4\u00df \u00a7 18 MStV <\/h3>\n\n\n\n<p>Tobias Bodmann<br>Onnec Germany GmbH<br>Br\u00fcsseler Str. 1-3,<br>60322 Frankfurt am Main<\/p>\n\n\n\n<p><br>E-Mail: <a href=\"mailto:info.germany@onnecgroup.com\" target=\"_blank\" rel=\"noreferrer noopener\">info.germany@onnecgroup.com<\/a> <\/p>\n\n\n\n<p><\/p>\n","protected":false},"excerpt":{"rendered":"<p>Impressum Angaben zum Diensteanbieter gem\u00e4\u00df \u00a7 5 TMG Onnec Group Ltd2nd Floor, Farringdon Point33 Farringdon Rd, London EC1M 3JF E-Mail: compliance@onnecgroup.comTel.: +44 (0)203 929 9915 Eingetragen im Companies House, Handelsregister&#8230;<\/p>\n","protected":false},"author":3,"featured_media":0,"parent":0,"menu_order":0,"comment_status":"closed","ping_status":"closed","template":"","meta":{"_acf_changed":false,"inline_featured_image":false,"advgb_blocks_editor_width":"","advgb_blocks_columns_visual_guide":"","footnotes":""},"class_list":["post-20144","page","type-page","status-publish","hentry"],"acf":[],"yoast_head":"<!-- This site is optimized with the Yoast SEO Premium plugin v26.2 (Yoast SEO v26.2) - https:\/\/yoast.com\/wordpress\/plugins\/seo\/ -->\n<title>Impressum - Onnec<\/title>\n<meta name=\"description\" content=\"Impressum Informationen von Onnec\" \/>\n<meta name=\"robots\" content=\"noindex, nofollow\" \/>\n<meta property=\"og:locale\" content=\"de_DE\" \/>\n<meta property=\"og:type\" content=\"article\" \/>\n<meta property=\"og:title\" content=\"Impressum\" \/>\n<meta property=\"og:description\" content=\"Impressum Informationen von Onnec\" \/>\n<meta property=\"og:url\" content=\"https:\/\/www.onnecgroup.com\/de-DE\/impressum\/\" \/>\n<meta property=\"og:site_name\" content=\"Onnec\" \/>\n<meta property=\"article:modified_time\" content=\"2023-05-25T08:00:26+00:00\" \/>\n<meta name=\"twitter:card\" content=\"summary_large_image\" \/>\n<meta name=\"twitter:label1\" content=\"Est. reading time\" \/>\n\t<meta name=\"twitter:data1\" content=\"1 minute\" \/>\n<script type=\"application\/ld+json\" class=\"yoast-schema-graph\">{\"@context\":\"https:\/\/schema.org\",\"@graph\":[{\"@type\":\"WebPage\",\"@id\":\"https:\/\/www.onnecgroup.com\/de-DE\/impressum\/\",\"url\":\"https:\/\/www.onnecgroup.com\/de-DE\/impressum\/\",\"name\":\"Impressum - Onnec\",\"isPartOf\":{\"@id\":\"https:\/\/www.onnecgroup.com\/de-DE\/#website\"},\"datePublished\":\"2023-02-24T13:33:30+00:00\",\"dateModified\":\"2023-05-25T08:00:26+00:00\",\"description\":\"Impressum Informationen von Onnec\",\"breadcrumb\":{\"@id\":\"https:\/\/www.onnecgroup.com\/de-DE\/impressum\/#breadcrumb\"},\"inLanguage\":\"de-DE\",\"potentialAction\":[{\"@type\":\"ReadAction\",\"target\":[\"https:\/\/www.onnecgroup.com\/de-DE\/impressum\/\"]}]},{\"@type\":\"BreadcrumbList\",\"@id\":\"https:\/\/www.onnecgroup.com\/de-DE\/impressum\/#breadcrumb\",\"itemListElement\":[{\"@type\":\"ListItem\",\"position\":1,\"name\":\"Home\",\"item\":\"https:\/\/www.onnecgroup.com\/de-DE\/\"},{\"@type\":\"ListItem\",\"position\":2,\"name\":\"Impressum\"}]},{\"@type\":\"WebSite\",\"@id\":\"https:\/\/www.onnecgroup.com\/de-DE\/#website\",\"url\":\"https:\/\/www.onnecgroup.com\/de-DE\/\",\"name\":\"Onnec\",\"description\":\"Datacentre-to-desktop services\",\"potentialAction\":[{\"@type\":\"SearchAction\",\"target\":{\"@type\":\"EntryPoint\",\"urlTemplate\":\"https:\/\/www.onnecgroup.com\/de-DE\/?s={search_term_string}\"},\"query-input\":{\"@type\":\"PropertyValueSpecification\",\"valueRequired\":true,\"valueName\":\"search_term_string\"}}],\"inLanguage\":\"de-DE\"}]}<\/script>\n<!-- \/ Yoast SEO Premium plugin. -->","yoast_head_json":{"title":"Impressum - Onnec","description":"Impressum Informationen von Onnec","robots":["noindex","nofollow"],"og_locale":"de_DE","og_type":"article","og_title":"Impressum","og_description":"Impressum Informationen von Onnec","og_url":"https:\/\/www.onnecgroup.com\/de-DE\/impressum\/","og_site_name":"Onnec","article_modified_time":"2023-05-25T08:00:26+00:00","twitter_card":"summary_large_image","twitter_misc":{"Est. reading time":"1 minute"},"schema":{"@context":"https:\/\/schema.org","@graph":[{"@type":"WebPage","@id":"https:\/\/www.onnecgroup.com\/de-DE\/impressum\/","url":"https:\/\/www.onnecgroup.com\/de-DE\/impressum\/","name":"Impressum - Onnec","isPartOf":{"@id":"https:\/\/www.onnecgroup.com\/de-DE\/#website"},"datePublished":"2023-02-24T13:33:30+00:00","dateModified":"2023-05-25T08:00:26+00:00","description":"Impressum Informationen von Onnec","breadcrumb":{"@id":"https:\/\/www.onnecgroup.com\/de-DE\/impressum\/#breadcrumb"},"inLanguage":"de-DE","potentialAction":[{"@type":"ReadAction","target":["https:\/\/www.onnecgroup.com\/de-DE\/impressum\/"]}]},{"@type":"BreadcrumbList","@id":"https:\/\/www.onnecgroup.com\/de-DE\/impressum\/#breadcrumb","itemListElement":[{"@type":"ListItem","position":1,"name":"Home","item":"https:\/\/www.onnecgroup.com\/de-DE\/"},{"@type":"ListItem","position":2,"name":"Impressum"}]},{"@type":"WebSite","@id":"https:\/\/www.onnecgroup.com\/de-DE\/#website","url":"https:\/\/www.onnecgroup.com\/de-DE\/","name":"Onnec","description":"Datacentre-to-desktop services","potentialAction":[{"@type":"SearchAction","target":{"@type":"EntryPoint","urlTemplate":"https:\/\/www.onnecgroup.com\/de-DE\/?s={search_term_string}"},"query-input":{"@type":"PropertyValueSpecification","valueRequired":true,"valueName":"search_term_string"}}],"inLanguage":"de-DE"}]}},"coauthors":[],"author_meta":{"author_link":"https:\/\/www.onnecgroup.com\/de-DE\/author\/julie-k\/","display_name":"Julie Kinsella\u200b"},"relative_dates":{"created":"Posted 3 years ago","modified":"Updated 3 years ago"},"absolute_dates":{"created":"Posted on 24th of February 2023","modified":"Updated on 25th of May 2023"},"absolute_dates_time":{"created":"Posted on 24th of February 2023 13:33","modified":"Updated on 25th of May 2023 09:00"},"featured_img_caption":"","featured_img":false,"series_order":"","_links":{"self":[{"href":"https:\/\/www.onnecgroup.com\/de-DE\/wp-json\/wp\/v2\/pages\/20144","targetHints":{"allow":["GET"]}}],"collection":[{"href":"https:\/\/www.onnecgroup.com\/de-DE\/wp-json\/wp\/v2\/pages"}],"about":[{"href":"https:\/\/www.onnecgroup.com\/de-DE\/wp-json\/wp\/v2\/types\/page"}],"author":[{"embeddable":true,"href":"https:\/\/www.onnecgroup.com\/de-DE\/wp-json\/wp\/v2\/users\/3"}],"replies":[{"embeddable":true,"href":"https:\/\/www.onnecgroup.com\/de-DE\/wp-json\/wp\/v2\/comments?post=20144"}],"version-history":[{"count":7,"href":"https:\/\/www.onnecgroup.com\/de-DE\/wp-json\/wp\/v2\/pages\/20144\/revisions"}],"predecessor-version":[{"id":20638,"href":"https:\/\/www.onnecgroup.com\/de-DE\/wp-json\/wp\/v2\/pages\/20144\/revisions\/20638"}],"wp:attachment":[{"href":"https:\/\/www.onnecgroup.com\/de-DE\/wp-json\/wp\/v2\/media?parent=20144"}],"curies":[{"name":"wp","href":"https:\/\/api.w.org\/{rel}","templated":true}]}}